{"id":73,"date":"2019-11-19T18:49:53","date_gmt":"2019-11-19T16:49:53","guid":{"rendered":"http:\/\/quadern-estrategia.recursos.uoc.edu\/?page_id=73"},"modified":"2023-12-11T14:00:52","modified_gmt":"2023-12-11T12:00:52","slug":"1-3-2-pensamiento-abductivo","status":"publish","type":"page","link":"http:\/\/quadern-estrategia.recursos.uoc.edu\/es\/1-3-2-pensamiento-abductivo\/","title":{"rendered":"1.3.2. Pensamiento abductivo"},"content":{"rendered":"<p>Una de las caracter\u00edsticas de la forma de pensar de los dise\u00f1adores y dise\u00f1adoras es el pensamiento abductivo, que se diferencia del inductivo y del deductivo. Esta forma de razonamiento implica la construcci\u00f3n de hip\u00f3tesis de soluci\u00f3n basadas en informaciones incompletas, es decir, sin un conocimiento completo del problema. La generaci\u00f3n de propuestas de soluci\u00f3n ayuda a conocer mejor el problema.<\/p>\n<p>Dicho de otra forma, el esfuerzo en estructurar el problema se da a lo largo del proceso del dise\u00f1o, no solo al principio. Por lo tanto, problema y soluci\u00f3n evolucionan a la vez, se va definiendo el problema a medida que se trata de resolver (<a href=\"https:\/\/www.cc.gatech.edu\/classes\/AY2013\/cs7601_spring\/papers\/Dorst_Cross2001.pdf\" target=\"_blank\" rel=\"noopener noreferrer\">Dorst y Cross, 2001<\/a>).<\/p>\n<p>Este tipo de abordaje es apropiado para el tipo de desaf\u00edos complejos, difusos e interrelacionados a los que se enfrenta el dise\u00f1o estrat\u00e9gico. (<a href=\"http:\/\/www.jonkolko.com\/writingAbductiveThinking.php\" target=\"_blank\" rel=\"noopener noreferrer\">Kolko, 2010<\/a>; <a href=\"https:\/\/pt.slideshare.net\/ranggawiseno\/how-to-solve-any-problems\/4\" target=\"_blank\" rel=\"noopener noreferrer\">Wiseno, 2016<\/a>).<\/p>\n","protected":false},"excerpt":{"rendered":"<p>Una de las caracter\u00edsticas de la forma de pensar de los dise\u00f1adores y dise\u00f1adoras es el pensamiento abductivo, que se diferencia del inductivo y del deductivo. Esta forma de razonamiento implica la construcci\u00f3n de hip\u00f3tesis de soluci\u00f3n basadas en informaciones incompletas, es decir, sin un conocimiento completo del problema. La generaci\u00f3n de propuestas de soluci\u00f3n [&hellip;]<\/p>\n","protected":false},"author":2,"featured_media":0,"parent":0,"menu_order":0,"comment_status":"closed","ping_status":"closed","template":"","meta":[],"_links":{"self":[{"href":"http:\/\/quadern-estrategia.recursos.uoc.edu\/es\/wp-json\/wp\/v2\/pages\/73"}],"collection":[{"href":"http:\/\/quadern-estrategia.recursos.uoc.edu\/es\/wp-json\/wp\/v2\/pages"}],"about":[{"href":"http:\/\/quadern-estrategia.recursos.uoc.edu\/es\/wp-json\/wp\/v2\/types\/page"}],"author":[{"embeddable":true,"href":"http:\/\/quadern-estrategia.recursos.uoc.edu\/es\/wp-json\/wp\/v2\/users\/2"}],"replies":[{"embeddable":true,"href":"http:\/\/quadern-estrategia.recursos.uoc.edu\/es\/wp-json\/wp\/v2\/comments?post=73"}],"version-history":[{"count":7,"href":"http:\/\/quadern-estrategia.recursos.uoc.edu\/es\/wp-json\/wp\/v2\/pages\/73\/revisions"}],"predecessor-version":[{"id":790,"href":"http:\/\/quadern-estrategia.recursos.uoc.edu\/es\/wp-json\/wp\/v2\/pages\/73\/revisions\/790"}],"wp:attachment":[{"href":"http:\/\/quadern-estrategia.recursos.uoc.edu\/es\/wp-json\/wp\/v2\/media?parent=73"}],"curies":[{"name":"wp","href":"https:\/\/api.w.org\/{rel}","templated":true}]}}