{"id":65,"date":"2019-11-19T18:51:09","date_gmt":"2019-11-19T16:51:09","guid":{"rendered":"http:\/\/quadern-estrategia.recursos.uoc.edu\/?page_id=65"},"modified":"2023-12-11T13:59:47","modified_gmt":"2023-12-11T11:59:47","slug":"1-2-3-reformulacion-de-problemas","status":"publish","type":"page","link":"http:\/\/quadern-estrategia.recursos.uoc.edu\/es\/1-2-3-reformulacion-de-problemas\/","title":{"rendered":"1.2.3. Reformulaci\u00f3n de problemas"},"content":{"rendered":"<p>Una de las habilidades clave para los dise\u00f1adores estrat\u00e9gicos es la reformulaci\u00f3n de problemas, que consiste en buscar formas alternativas de articular un mismo problema. Si la forma en la que se formula un problema condiciona necesariamente el tipo de soluciones generadas, la reformulaci\u00f3n del problema dirige hacia un tipo de soluciones alternativas.<\/p>\n<figure id=\"attachment_66\" aria-describedby=\"caption-attachment-66\" style=\"width: 800px\" class=\"wp-caption alignnone\"><img loading=\"lazy\" class=\"wp-image-66 size-full\" src=\"\/wp-content\/uploads\/2019\/11\/Imagen-1.2.3.jpg\" alt=\"\" width=\"800\" height=\"294\" srcset=\"\/wp-content\/uploads\/2019\/11\/Imagen-1.2.3.jpg 800w, \/wp-content\/uploads\/2019\/11\/Imagen-1.2.3-300x110.jpg 300w, \/wp-content\/uploads\/2019\/11\/Imagen-1.2.3-768x282.jpg 768w\" sizes=\"(max-width: 800px) 100vw, 800px\" \/><figcaption id=\"caption-attachment-66\" class=\"wp-caption-text\">El famoso \u00abproblema del ascensor\u00bb. Fuente: Russell L. Ackoff (1960), \u00abSystems, Organizations, and Interdisciplinary Research\u00bb, General Systems (vol. V).<\/figcaption><\/figure>\n<p>Podemos reformular el problema de forma lateral, buscando enfoques no obvios y, a veces, poco convencionales. Tambi\u00e9n podemos reformular el problema buscando desaf\u00edos m\u00e1s estrat\u00e9gicos o m\u00e1s t\u00e1cticos. La herramienta <strong>mapeo de retos o <em>challenge mapping<\/em><\/strong> (<a href=\"http:\/\/design-toolkit.recursos.uoc.edu\/es\/challenge-mapping\/\" target=\"_blank\" rel=\"noopener noreferrer\">v\u00e9ase la ficha<\/a>) nos ayuda a generar desaf\u00edos m\u00e1s estrat\u00e9gicos pregunt\u00e1ndonos \u00ab\u00bfpor qu\u00e9 queremos resolver ese reto?\u00bb, y desaf\u00edos m\u00e1s t\u00e1cticos pregunt\u00e1ndonos \u00ab\u00bfqu\u00e9 nos impide resolver ese reto?\u00bb.<\/p>\n","protected":false},"excerpt":{"rendered":"<p>Una de las habilidades clave para los dise\u00f1adores estrat\u00e9gicos es la reformulaci\u00f3n de problemas, que consiste en buscar formas alternativas de articular un mismo problema. Si la forma en la que se formula un problema condiciona necesariamente el tipo de soluciones generadas, la reformulaci\u00f3n del problema dirige hacia un tipo de soluciones alternativas. Podemos reformular [&hellip;]<\/p>\n","protected":false},"author":2,"featured_media":0,"parent":0,"menu_order":0,"comment_status":"closed","ping_status":"closed","template":"","meta":[],"_links":{"self":[{"href":"http:\/\/quadern-estrategia.recursos.uoc.edu\/es\/wp-json\/wp\/v2\/pages\/65"}],"collection":[{"href":"http:\/\/quadern-estrategia.recursos.uoc.edu\/es\/wp-json\/wp\/v2\/pages"}],"about":[{"href":"http:\/\/quadern-estrategia.recursos.uoc.edu\/es\/wp-json\/wp\/v2\/types\/page"}],"author":[{"embeddable":true,"href":"http:\/\/quadern-estrategia.recursos.uoc.edu\/es\/wp-json\/wp\/v2\/users\/2"}],"replies":[{"embeddable":true,"href":"http:\/\/quadern-estrategia.recursos.uoc.edu\/es\/wp-json\/wp\/v2\/comments?post=65"}],"version-history":[{"count":12,"href":"http:\/\/quadern-estrategia.recursos.uoc.edu\/es\/wp-json\/wp\/v2\/pages\/65\/revisions"}],"predecessor-version":[{"id":786,"href":"http:\/\/quadern-estrategia.recursos.uoc.edu\/es\/wp-json\/wp\/v2\/pages\/65\/revisions\/786"}],"wp:attachment":[{"href":"http:\/\/quadern-estrategia.recursos.uoc.edu\/es\/wp-json\/wp\/v2\/media?parent=65"}],"curies":[{"name":"wp","href":"https:\/\/api.w.org\/{rel}","templated":true}]}}