{"id":165,"date":"2019-11-20T14:00:05","date_gmt":"2019-11-20T12:00:05","guid":{"rendered":"http:\/\/quadern-estrategia.recursos.uoc.edu\/?page_id=165"},"modified":"2023-12-11T14:16:48","modified_gmt":"2023-12-11T12:16:48","slug":"5-3-el-cono-de-futuros","status":"publish","type":"page","link":"http:\/\/quadern-estrategia.recursos.uoc.edu\/es\/5-3-el-cono-de-futuros\/","title":{"rendered":"5.3. El cono de futuros"},"content":{"rendered":"<p>El diagrama de <em>cono de futuros<\/em> representa la pluralidad de futuros y sus diferentes tipos:<\/p>\n<ol>\n<li>Futuros probables: creemos que es \u00abprobable\u00bb que ocurran, usualmente basados en tendencias actuales, en muchos casos, cuantitativas.<\/li>\n<li>Futuros plausibles: pensamos que \u00abpodr\u00edan\u00bb ocurrir, basados en nuestra comprensi\u00f3n actual de c\u00f3mo funciona el mundo (leyes f\u00edsicas, procesos sociales, etc.).<\/li>\n<li>Futuros posibles: pensamos que \u00abpodr\u00edan\u00bb ocurrir, basados en alg\u00fan conocimiento futuro que aun no poseemos, pero que podr\u00edamos poseer alg\u00fan d\u00eda.<\/li>\n<li>Futuros deseables o preferibles: pensamos que \u00abdeber\u00edan\u00bb ocurrir, son deseados por alg\u00fan colectivo espec\u00edfico o por la sociedad, y pueden pertenecer a los futuros probables, plausibles o posibles descritos anteriormente.<\/li>\n<\/ol>\n<figure id=\"attachment_168\" aria-describedby=\"caption-attachment-168\" style=\"width: 800px\" class=\"wp-caption alignnone\"><img loading=\"lazy\" class=\"wp-image-168 size-full\" src=\"\/wp-content\/uploads\/2019\/11\/Imagen-5.2-1.jpg\" alt=\"\" width=\"800\" height=\"481\" srcset=\"\/wp-content\/uploads\/2019\/11\/Imagen-5.2-1.jpg 800w, \/wp-content\/uploads\/2019\/11\/Imagen-5.2-1-300x180.jpg 300w, \/wp-content\/uploads\/2019\/11\/Imagen-5.2-1-768x462.jpg 768w\" sizes=\"(max-width: 800px) 100vw, 800px\" \/><figcaption id=\"caption-attachment-168\" class=\"wp-caption-text\">El cono de futuros. Versi\u00f3n de Joseph Voros (2003), basada en la versi\u00f3n original del cono desarrollada por Hancock and Bezold (1994).<\/figcaption><\/figure>\n","protected":false},"excerpt":{"rendered":"<p>El diagrama de cono de futuros representa la pluralidad de futuros y sus diferentes tipos: Futuros probables: creemos que es \u00abprobable\u00bb que ocurran, usualmente basados en tendencias actuales, en muchos casos, cuantitativas. Futuros plausibles: pensamos que \u00abpodr\u00edan\u00bb ocurrir, basados en nuestra comprensi\u00f3n actual de c\u00f3mo funciona el mundo (leyes f\u00edsicas, procesos sociales, etc.). Futuros posibles: [&hellip;]<\/p>\n","protected":false},"author":2,"featured_media":0,"parent":0,"menu_order":0,"comment_status":"closed","ping_status":"closed","template":"","meta":[],"_links":{"self":[{"href":"http:\/\/quadern-estrategia.recursos.uoc.edu\/es\/wp-json\/wp\/v2\/pages\/165"}],"collection":[{"href":"http:\/\/quadern-estrategia.recursos.uoc.edu\/es\/wp-json\/wp\/v2\/pages"}],"about":[{"href":"http:\/\/quadern-estrategia.recursos.uoc.edu\/es\/wp-json\/wp\/v2\/types\/page"}],"author":[{"embeddable":true,"href":"http:\/\/quadern-estrategia.recursos.uoc.edu\/es\/wp-json\/wp\/v2\/users\/2"}],"replies":[{"embeddable":true,"href":"http:\/\/quadern-estrategia.recursos.uoc.edu\/es\/wp-json\/wp\/v2\/comments?post=165"}],"version-history":[{"count":7,"href":"http:\/\/quadern-estrategia.recursos.uoc.edu\/es\/wp-json\/wp\/v2\/pages\/165\/revisions"}],"predecessor-version":[{"id":828,"href":"http:\/\/quadern-estrategia.recursos.uoc.edu\/es\/wp-json\/wp\/v2\/pages\/165\/revisions\/828"}],"wp:attachment":[{"href":"http:\/\/quadern-estrategia.recursos.uoc.edu\/es\/wp-json\/wp\/v2\/media?parent=165"}],"curies":[{"name":"wp","href":"https:\/\/api.w.org\/{rel}","templated":true}]}}