{"id":163,"date":"2019-11-20T11:53:05","date_gmt":"2019-11-20T09:53:05","guid":{"rendered":"http:\/\/quadern-estrategia.recursos.uoc.edu\/?page_id=163"},"modified":"2023-12-11T14:16:30","modified_gmt":"2023-12-11T12:16:30","slug":"5-2-las-leyes-de-dator","status":"publish","type":"page","link":"http:\/\/quadern-estrategia.recursos.uoc.edu\/es\/5-2-las-leyes-de-dator\/","title":{"rendered":"5.2. Las leyes de Dator"},"content":{"rendered":"<p>Las conocidas como <em>leyes de Dator<\/em> (Jim Dator, 1995) sintetizan gran parte de la teor\u00eda y la pr\u00e1ctica en la prospectiva o estudios de futuros (Rosell\u00f3, 2018).<\/p>\n<p><strong>1\u00aa ley. El futuro no puede ser predecido porque no existe<\/strong><\/p>\n<p>El futuro no puede ser predecido, pero los <em>futuros alternativos<\/em> pueden y deben ser pronosticados. As\u00ed pues, una de las tareas principales de los estudios de futuros es identificar y examinar los futuros alternativos m\u00e1s predominantes que existen en cualquier momento y lugar.<\/p>\n<p>El futuro no puede ser predecido, pero los <em>futuros deseables<\/em> pueden y deben ser visualizados, inventados, implementados, continuamente evaluados y reproyectados. As\u00ed, la tarea m\u00e1s importante de los estudios de futuros es facilitar a personas y grupos formular, implementar y revisualizar sus futuros m\u00e1s deseables.<\/p>\n<p>Los estudios de futuros necesitan preceder y enlazarse con la planificaci\u00f3n estrat\u00e9gica, y de ah\u00ed con la administraci\u00f3n. La identificaci\u00f3n de los futuros alternativos, as\u00ed como la proyecci\u00f3n y creaci\u00f3n de futuros deseables debe, por tanto, guiar actividades estrat\u00e9gicas subsecuentes, las cuales a su vez determinan la toma de decisiones del d\u00eda a d\u00eda por parte de los gestores de una organizaci\u00f3n.<\/p>\n<p><strong>2\u00aa ley. Cualquier idea \u00fatil sobre los futuros debe parecer ser rid\u00edcula<\/strong><\/p>\n<p>Mucho de lo que ser\u00e1 caracter\u00edstico en los futuros es inicialmente novedoso y retador. Suele parecer a primera vista imposible, est\u00fapido, ciencia ficci\u00f3n, rid\u00edculo. Luego acaba siendo familiar y, finalmente, normal.<\/p>\n<p>Las visiones del futuro que suelen popularizarse y tener mayor\u00eda de aceptaci\u00f3n son normalmente a corto plazo y, en mayor o menor medida, obvias. Si son visiones a largo plazo, de alguna forma est\u00e1n apoyadas en nuestro conocimiento tecnol\u00f3gico actual, por lo que son candidatas a ser vistas como <a href=\"https:\/\/www.cinconoticias.com\/retrofuturismo\/\" target=\"_blank\" rel=\"noopener noreferrer\">retrofuturismo<\/a> cuando llegue el d\u00eda.<\/p>\n<div class=\"featured featured-grey\"><p>\n<strong>Ejercicio<\/strong><\/p>\n<p>Los prototipos dieg\u00e9ticos son objetos especulativos que ayudan en la narrativa de escenarios futuros, normalmente con unas caracter\u00edsticas que la tecnolog\u00eda actual todav\u00eda no ha resuelto. Recuerda pel\u00edculas o series de ciencia ficci\u00f3n o fant\u00e1sticas que hayas visto y enumera este tipo de objetos.<br \/>\nAlgunas pel\u00edculas y series sugeridas: <em>Black Mirror<\/em>, <em>Star Trek<\/em>, <em>Her<\/em>, <em>Blade Runner<\/em>&#8230;<\/p>\n<\/div>\n<p><strong>3\u00aa ley. Damos forma a nuestras herramientas y por extensi\u00f3n ellas nos dan forma<\/strong><\/p>\n<p>La tercera ley, que utiliza esta afirmaci\u00f3n enunciada por Marshall McLuhan, transmite que el cambio tecnol\u00f3gico es la base del cambio social y ambiental.<\/p>\n<p>La mayor parte de actividad humana se centra en c\u00f3mo \u00abdamos forma a nuestras herramientas\u00bb, incluyendo c\u00f3mo hacer y utilizar las herramientas en todas las facetas de la vida, los negocios, el gobierno, la sociedad, etc. Mientras tanto, nuestros comportamientos, actitudes, sociedad y cultura son moldeados inconscientemente por las herramientas y tecnolog\u00edas que utilizamos. Por ejemplo, la forma en que nos comunicamos, incluso nuestra postura o uso de las manos, ha variado significativamente desde la aparici\u00f3n de los tel\u00e9fonos inteligentes, hoy usados por un tercio de la poblaci\u00f3n mundial.<\/p>\n<p>Cabe una cr\u00edtica a esta tercera ley (Rosell\u00f3, 2018): esta perspectiva y el tecnodeterminismo sobre el futuro, esto es, creer que los cambios tecnol\u00f3gicos preceden y predeterminan el resto de cambios humanos, est\u00e1 en decadencia dentro del campo profesional de la prospectiva (aunque fuera de este, no\u2026), en detrimento de otras perspectivas m\u00e1s cr\u00edticas, hol\u00edsticas y de pensamiento sist\u00e9mico.<\/p>\n","protected":false},"excerpt":{"rendered":"<p>Las conocidas como leyes de Dator (Jim Dator, 1995) sintetizan gran parte de la teor\u00eda y la pr\u00e1ctica en la prospectiva o estudios de futuros (Rosell\u00f3, 2018). 1\u00aa ley. El futuro no puede ser predecido porque no existe El futuro no puede ser predecido, pero los futuros alternativos pueden y deben ser pronosticados. As\u00ed pues, [&hellip;]<\/p>\n","protected":false},"author":2,"featured_media":0,"parent":0,"menu_order":0,"comment_status":"closed","ping_status":"closed","template":"","meta":[],"_links":{"self":[{"href":"http:\/\/quadern-estrategia.recursos.uoc.edu\/es\/wp-json\/wp\/v2\/pages\/163"}],"collection":[{"href":"http:\/\/quadern-estrategia.recursos.uoc.edu\/es\/wp-json\/wp\/v2\/pages"}],"about":[{"href":"http:\/\/quadern-estrategia.recursos.uoc.edu\/es\/wp-json\/wp\/v2\/types\/page"}],"author":[{"embeddable":true,"href":"http:\/\/quadern-estrategia.recursos.uoc.edu\/es\/wp-json\/wp\/v2\/users\/2"}],"replies":[{"embeddable":true,"href":"http:\/\/quadern-estrategia.recursos.uoc.edu\/es\/wp-json\/wp\/v2\/comments?post=163"}],"version-history":[{"count":14,"href":"http:\/\/quadern-estrategia.recursos.uoc.edu\/es\/wp-json\/wp\/v2\/pages\/163\/revisions"}],"predecessor-version":[{"id":826,"href":"http:\/\/quadern-estrategia.recursos.uoc.edu\/es\/wp-json\/wp\/v2\/pages\/163\/revisions\/826"}],"wp:attachment":[{"href":"http:\/\/quadern-estrategia.recursos.uoc.edu\/es\/wp-json\/wp\/v2\/media?parent=163"}],"curies":[{"name":"wp","href":"https:\/\/api.w.org\/{rel}","templated":true}]}}