{"id":160,"date":"2019-11-20T11:50:37","date_gmt":"2019-11-20T09:50:37","guid":{"rendered":"http:\/\/quadern-estrategia.recursos.uoc.edu\/?page_id=160"},"modified":"2023-12-11T14:16:16","modified_gmt":"2023-12-11T12:16:16","slug":"5-reto-5-diseno-de-futuros","status":"publish","type":"page","link":"http:\/\/quadern-estrategia.recursos.uoc.edu\/es\/5-reto-5-diseno-de-futuros\/","title":{"rendered":"5.1. Introducci\u00f3n"},"content":{"rendered":"<p class=\"Normal1\"><span lang=\"es\">El futuro no puede predecirse, pero es posible imaginar una variedad de escenarios posibles, probables y, m\u00e1s importante aun, preferibles.<\/span><\/p>\n<p class=\"Normal1\"><span lang=\"es\">Los principios y pr\u00e1cticas del dise\u00f1o pueden utilizarse como medio para imaginar y especular sobre futuros alternativos preferibles basados en hechos que es posible que sucedan. Exploremos esos varios futuros posibles y dise\u00f1emos para prepararnos para ellos, eso nos ayudar\u00e1 a tomar mejores decisiones.<\/span><\/p>\n","protected":false},"excerpt":{"rendered":"<p>El futuro no puede predecirse, pero es posible imaginar una variedad de escenarios posibles, probables y, m\u00e1s importante aun, preferibles. Los principios y pr\u00e1cticas del dise\u00f1o pueden utilizarse como medio para imaginar y especular sobre futuros alternativos preferibles basados en hechos que es posible que sucedan. Exploremos esos varios futuros posibles y dise\u00f1emos para prepararnos [&hellip;]<\/p>\n","protected":false},"author":2,"featured_media":0,"parent":0,"menu_order":0,"comment_status":"closed","ping_status":"closed","template":"","meta":[],"_links":{"self":[{"href":"http:\/\/quadern-estrategia.recursos.uoc.edu\/es\/wp-json\/wp\/v2\/pages\/160"}],"collection":[{"href":"http:\/\/quadern-estrategia.recursos.uoc.edu\/es\/wp-json\/wp\/v2\/pages"}],"about":[{"href":"http:\/\/quadern-estrategia.recursos.uoc.edu\/es\/wp-json\/wp\/v2\/types\/page"}],"author":[{"embeddable":true,"href":"http:\/\/quadern-estrategia.recursos.uoc.edu\/es\/wp-json\/wp\/v2\/users\/2"}],"replies":[{"embeddable":true,"href":"http:\/\/quadern-estrategia.recursos.uoc.edu\/es\/wp-json\/wp\/v2\/comments?post=160"}],"version-history":[{"count":6,"href":"http:\/\/quadern-estrategia.recursos.uoc.edu\/es\/wp-json\/wp\/v2\/pages\/160\/revisions"}],"predecessor-version":[{"id":824,"href":"http:\/\/quadern-estrategia.recursos.uoc.edu\/es\/wp-json\/wp\/v2\/pages\/160\/revisions\/824"}],"wp:attachment":[{"href":"http:\/\/quadern-estrategia.recursos.uoc.edu\/es\/wp-json\/wp\/v2\/media?parent=160"}],"curies":[{"name":"wp","href":"https:\/\/api.w.org\/{rel}","templated":true}]}}