{"id":139,"date":"2019-11-20T11:38:50","date_gmt":"2019-11-20T09:38:50","guid":{"rendered":"http:\/\/quadern-estrategia.recursos.uoc.edu\/?page_id=139"},"modified":"2023-12-11T14:13:54","modified_gmt":"2023-12-11T12:13:54","slug":"4-1-1-caracteristicas-fundamentales-de-los-sistemas","status":"publish","type":"page","link":"http:\/\/quadern-estrategia.recursos.uoc.edu\/es\/4-1-1-caracteristicas-fundamentales-de-los-sistemas\/","title":{"rendered":"4.2.2. Caracter\u00edsticas fundamentales de los sistemas"},"content":{"rendered":"<p>Daniel H. Kim describe en Introduction to Systems Thinking (1999) cuatro caracter\u00edsticas definitorias de los sistemas:<\/p>\n<ol>\n<li>Tiene un prop\u00f3sito que lo define como una unidad discreta.<br \/>\nEl prop\u00f3sito, sin embargo, es una propiedad del sistema en su conjunto y no de ninguna de las partes.<\/li>\n<li>Todas las partes deben estar presentes para que el sistema cumpla su prop\u00f3sito.<br \/>\nSi una de las partes es retirada, el funcionamiento del sistema se ve afectado.<\/li>\n<li>El orden en el que est\u00e1n dispuestas las partes afecta al desempe\u00f1o del sistema.<br \/>\nEn cambio, en una colecci\u00f3n se admiten diferentes formas de ordenar los componentes, incluso de forma aleatoria.<\/li>\n<li>Los sistemas intentan mantener estabilidad a trav\u00e9s de <em>feedback<\/em>.<br \/>\nEl<em> feedback <\/em>o retroalimentaci\u00f3n es la transmisi\u00f3n y devoluci\u00f3n de informaci\u00f3n. Proporciona informaci\u00f3n al sistema que le permite saber c\u00f3mo le est\u00e1 yendo en relaci\u00f3n con alg\u00fan estado deseado.<\/li>\n<\/ol>\n<div class=\"featured featured-grey\"><p>\n<strong>Ejercicio<\/strong><\/p>\n<p>Enumera cinco ejemplos de sistemas con las caracter\u00edsticas anteriores y describe brevemente c\u00f3mo se manifiestan esas caracter\u00edsticas en cada uno de ellos.<\/p>\n<\/div>\n","protected":false},"excerpt":{"rendered":"<p>Daniel H. Kim describe en Introduction to Systems Thinking (1999) cuatro caracter\u00edsticas definitorias de los sistemas: Tiene un prop\u00f3sito que lo define como una unidad discreta. El prop\u00f3sito, sin embargo, es una propiedad del sistema en su conjunto y no de ninguna de las partes. Todas las partes deben estar presentes para que el sistema [&hellip;]<\/p>\n","protected":false},"author":2,"featured_media":0,"parent":0,"menu_order":0,"comment_status":"closed","ping_status":"closed","template":"","meta":[],"_links":{"self":[{"href":"http:\/\/quadern-estrategia.recursos.uoc.edu\/es\/wp-json\/wp\/v2\/pages\/139"}],"collection":[{"href":"http:\/\/quadern-estrategia.recursos.uoc.edu\/es\/wp-json\/wp\/v2\/pages"}],"about":[{"href":"http:\/\/quadern-estrategia.recursos.uoc.edu\/es\/wp-json\/wp\/v2\/types\/page"}],"author":[{"embeddable":true,"href":"http:\/\/quadern-estrategia.recursos.uoc.edu\/es\/wp-json\/wp\/v2\/users\/2"}],"replies":[{"embeddable":true,"href":"http:\/\/quadern-estrategia.recursos.uoc.edu\/es\/wp-json\/wp\/v2\/comments?post=139"}],"version-history":[{"count":10,"href":"http:\/\/quadern-estrategia.recursos.uoc.edu\/es\/wp-json\/wp\/v2\/pages\/139\/revisions"}],"predecessor-version":[{"id":818,"href":"http:\/\/quadern-estrategia.recursos.uoc.edu\/es\/wp-json\/wp\/v2\/pages\/139\/revisions\/818"}],"wp:attachment":[{"href":"http:\/\/quadern-estrategia.recursos.uoc.edu\/es\/wp-json\/wp\/v2\/media?parent=139"}],"curies":[{"name":"wp","href":"https:\/\/api.w.org\/{rel}","templated":true}]}}