{"id":137,"date":"2019-11-20T11:33:21","date_gmt":"2019-11-20T09:33:21","guid":{"rendered":"http:\/\/quadern-estrategia.recursos.uoc.edu\/?page_id=137"},"modified":"2023-12-11T14:13:36","modified_gmt":"2023-12-11T12:13:36","slug":"4-1-que-es-un-sistema-diferencia-entre-sistemas-y-colecciones","status":"publish","type":"page","link":"http:\/\/quadern-estrategia.recursos.uoc.edu\/es\/4-1-que-es-un-sistema-diferencia-entre-sistemas-y-colecciones\/","title":{"rendered":"4.2.1. Diferencia entre sistemas y colecciones"},"content":{"rendered":"<p>Un <strong>sistema<\/strong> es un grupo de partes que interact\u00faan, est\u00e1n interrelacionadas o son interdependientes, y que forman un todo complejo y unificado con un prop\u00f3sito espec\u00edfico.<\/p>\n<p>Por ejemplo, una cocina, una base de datos de nombres de clientes o herramientas en una caja de herramientas no son sistemas, sino <strong>colecciones<\/strong>: ninguna cumple con los criterios de interrelaci\u00f3n e interdependencia.<\/p>\n<p>En cambio, un equipo de f\u00fatbol o una tostadora son sistemas: adem\u00e1s de cumplir los criterios de interrelaci\u00f3n e interdependencia, un equipo y una tostadora est\u00e1n unidos para un prop\u00f3sito espec\u00edfico.<\/p>\n","protected":false},"excerpt":{"rendered":"<p>Un sistema es un grupo de partes que interact\u00faan, est\u00e1n interrelacionadas o son interdependientes, y que forman un todo complejo y unificado con un prop\u00f3sito espec\u00edfico. Por ejemplo, una cocina, una base de datos de nombres de clientes o herramientas en una caja de herramientas no son sistemas, sino colecciones: ninguna cumple con los criterios [&hellip;]<\/p>\n","protected":false},"author":2,"featured_media":0,"parent":0,"menu_order":0,"comment_status":"closed","ping_status":"closed","template":"","meta":[],"_links":{"self":[{"href":"http:\/\/quadern-estrategia.recursos.uoc.edu\/es\/wp-json\/wp\/v2\/pages\/137"}],"collection":[{"href":"http:\/\/quadern-estrategia.recursos.uoc.edu\/es\/wp-json\/wp\/v2\/pages"}],"about":[{"href":"http:\/\/quadern-estrategia.recursos.uoc.edu\/es\/wp-json\/wp\/v2\/types\/page"}],"author":[{"embeddable":true,"href":"http:\/\/quadern-estrategia.recursos.uoc.edu\/es\/wp-json\/wp\/v2\/users\/2"}],"replies":[{"embeddable":true,"href":"http:\/\/quadern-estrategia.recursos.uoc.edu\/es\/wp-json\/wp\/v2\/comments?post=137"}],"version-history":[{"count":6,"href":"http:\/\/quadern-estrategia.recursos.uoc.edu\/es\/wp-json\/wp\/v2\/pages\/137\/revisions"}],"predecessor-version":[{"id":816,"href":"http:\/\/quadern-estrategia.recursos.uoc.edu\/es\/wp-json\/wp\/v2\/pages\/137\/revisions\/816"}],"wp:attachment":[{"href":"http:\/\/quadern-estrategia.recursos.uoc.edu\/es\/wp-json\/wp\/v2\/media?parent=137"}],"curies":[{"name":"wp","href":"https:\/\/api.w.org\/{rel}","templated":true}]}}