{"id":129,"date":"2019-11-20T11:27:33","date_gmt":"2019-11-20T09:27:33","guid":{"rendered":"http:\/\/quadern-estrategia.recursos.uoc.edu\/?page_id=129"},"modified":"2023-12-11T14:12:14","modified_gmt":"2023-12-11T12:12:14","slug":"3-4-evaluar-y-aprender-mediante-prototipos-y-mvps","status":"publish","type":"page","link":"http:\/\/quadern-estrategia.recursos.uoc.edu\/es\/3-4-evaluar-y-aprender-mediante-prototipos-y-mvps\/","title":{"rendered":"3.4. Evaluar y aprender mediante prototipos y MVPs"},"content":{"rendered":"<p>Dentro de los m\u00e9todos b\u00e1sicos del dise\u00f1o est\u00e1n el prototipado y evaluaci\u00f3n para la mejora de las soluciones mediante iteraci\u00f3n. Prototipar consiste en crear un modelo del producto o servicio que se quiere dise\u00f1ar. Tiene dos objetivos fundamentales: dar forma a conceptos generados y evaluar las propuestas de dise\u00f1o.<\/p>\n<p>Decimos que el dise\u00f1o estrat\u00e9gico utiliza principios, m\u00e9todos y formas de pensar caracter\u00edsticas del dise\u00f1o para abordar otro tipo de desaf\u00edos, algunos de los cuales pueden ser asociados tradicionalmente con decisiones de negocio. Pues bien, el prototipado para la posterior evaluaci\u00f3n puede ser aplicado para estudiar la viabilidad de un producto, servicio o negocio en general.<\/p>\n<p>El <a class=\"tooltip\"  href=\"javascript:void(0);\" data-toggle=\"popover\" data-placement=\"bottom\" data-content=\"minimum viable product\">MVP<\/a> es una herramienta que permite evaluar la viabilidad de una soluci\u00f3n, especialmente su posible aceptaci\u00f3n en el mercado, de una forma mucho menos costosa y m\u00e1s r\u00e1pida que lanzando la soluci\u00f3n final.<\/p>\n<p>El t\u00e9rmino <em>MVP<\/em> se utiliza de dos maneras diferentes (Seiden y Gothelf, 2016). A veces, los equipos crean un MVP principalmente para aprender algo. No se preocupan por entregar valor al mercado, solo tratan de prever c\u00f3mo ser\u00e1 la aceptaci\u00f3n del producto en el mercado.<\/p>\n<p>En otros casos, los equipos crean una versi\u00f3n peque\u00f1a de un producto o una caracter\u00edstica porque quieren empezar a ofrecer valor al mercado lo m\u00e1s r\u00e1pidamente posible. En este segundo caso, si se dise\u00f1a e implementa el MVP correctamente, tambi\u00e9n deber\u00eda poder aprender de \u00e9l, incluso si ese no es el objetivo principal.<\/p>\n","protected":false},"excerpt":{"rendered":"<p>Dentro de los m\u00e9todos b\u00e1sicos del dise\u00f1o est\u00e1n el prototipado y evaluaci\u00f3n para la mejora de las soluciones mediante iteraci\u00f3n. Prototipar consiste en crear un modelo del producto o servicio que se quiere dise\u00f1ar. Tiene dos objetivos fundamentales: dar forma a conceptos generados y evaluar las propuestas de dise\u00f1o. Decimos que el dise\u00f1o estrat\u00e9gico utiliza [&hellip;]<\/p>\n","protected":false},"author":2,"featured_media":0,"parent":0,"menu_order":0,"comment_status":"closed","ping_status":"closed","template":"","meta":[],"_links":{"self":[{"href":"http:\/\/quadern-estrategia.recursos.uoc.edu\/es\/wp-json\/wp\/v2\/pages\/129"}],"collection":[{"href":"http:\/\/quadern-estrategia.recursos.uoc.edu\/es\/wp-json\/wp\/v2\/pages"}],"about":[{"href":"http:\/\/quadern-estrategia.recursos.uoc.edu\/es\/wp-json\/wp\/v2\/types\/page"}],"author":[{"embeddable":true,"href":"http:\/\/quadern-estrategia.recursos.uoc.edu\/es\/wp-json\/wp\/v2\/users\/2"}],"replies":[{"embeddable":true,"href":"http:\/\/quadern-estrategia.recursos.uoc.edu\/es\/wp-json\/wp\/v2\/comments?post=129"}],"version-history":[{"count":7,"href":"http:\/\/quadern-estrategia.recursos.uoc.edu\/es\/wp-json\/wp\/v2\/pages\/129\/revisions"}],"predecessor-version":[{"id":812,"href":"http:\/\/quadern-estrategia.recursos.uoc.edu\/es\/wp-json\/wp\/v2\/pages\/129\/revisions\/812"}],"wp:attachment":[{"href":"http:\/\/quadern-estrategia.recursos.uoc.edu\/es\/wp-json\/wp\/v2\/media?parent=129"}],"curies":[{"name":"wp","href":"https:\/\/api.w.org\/{rel}","templated":true}]}}